{"id":16243,"date":"2023-02-21T19:55:10","date_gmt":"2023-02-22T00:55:10","guid":{"rendered":"https:\/\/www.katerinerollet.com\/accueil\/"},"modified":"2026-03-12T19:17:02","modified_gmt":"2026-03-12T23:17:02","slug":"accueil","status":"publish","type":"page","link":"https:\/\/www.katerinerollet.com\/en\/","title":{"rendered":"Home"},"content":{"rendered":"\t\t<div data-elementor-type=\"wp-page\" data-elementor-id=\"16243\" class=\"elementor elementor-16243 elementor-15377\" data-elementor-post-type=\"page\">\n\t\t\t\t\t\t<section data-dce-background-image-url=\"https:\/\/www.katerinerollet.com\/wp-content\/uploads\/2021\/01\/UPA-Credit-Francois-Demontagne.jpg\" class=\"elementor-section elementor-top-section elementor-element elementor-element-0bd9029 animated-slow elementor-section-height-min-height elementor-section-items-stretch elementor-section-boxed elementor-section-height-default elementor-invisible\" data-id=\"0bd9029\" data-element_type=\"section\" data-e-type=\"section\" data-settings=\"{&quot;background_background&quot;:&quot;classic&quot;,&quot;animation&quot;:&quot;fadeIn&quot;,&quot;background_motion_fx_motion_fx_scrolling&quot;:&quot;yes&quot;,&quot;background_motion_fx_translateY_effect&quot;:&quot;yes&quot;,&quot;jet_parallax_layout_list&quot;:[],&quot;background_motion_fx_translateY_speed&quot;:{&quot;unit&quot;:&quot;px&quot;,&quot;size&quot;:4,&quot;sizes&quot;:[]},&quot;background_motion_fx_translateY_affectedRange&quot;:{&quot;unit&quot;:&quot;%&quot;,&quot;size&quot;:&quot;&quot;,&quot;sizes&quot;:{&quot;start&quot;:0,&quot;end&quot;:100}},&quot;background_motion_fx_devices&quot;:[&quot;widescreen&quot;,&quot;desktop&quot;,&quot;laptop&quot;,&quot;tablet_extra&quot;,&quot;tablet&quot;,&quot;mobile_extra&quot;,&quot;mobile&quot;]}\">\n\t\t\t\t\t\t<div class=\"elementor-container elementor-column-gap-default\">\n\t\t\t\t\t<div class=\"elementor-column elementor-col-100 elementor-top-column elementor-element elementor-element-0cdf974\" data-id=\"0cdf974\" data-element_type=\"column\" data-e-type=\"column\">\n\t\t\t<div class=\"elementor-widget-wrap elementor-element-populated\">\n\t\t\t\t\t\t<div class=\"elementor-element elementor-element-0cc3f07 elementor-widget__width-auto elementor-invisible elementor-widget elementor-widget-button\" data-id=\"0cc3f07\" data-element_type=\"widget\" data-e-type=\"widget\" data-settings=\"{&quot;_animation&quot;:&quot;fadeInUp&quot;,&quot;_animation_delay&quot;:600}\" data-widget_type=\"button.default\">\n\t\t\t\t<div class=\"elementor-widget-container\">\n\t\t\t\t\t\t\t\t\t<div class=\"elementor-button-wrapper\">\n\t\t\t\t\t<a class=\"elementor-button elementor-button-link elementor-size-sm\" href=\"#elementor-action%3Aaction%3Dlightbox%26settings%3DeyJ0eXBlIjoidmlkZW8iLCJ2aWRlb1R5cGUiOiJ5b3V0dWJlIiwidXJsIjoiaHR0cHM6XC9cL3d3dy55b3V0dWJlLmNvbVwvZW1iZWRcL2NGRXhhaks1bnNZP2ZlYXR1cmU9b2VtYmVkIn0%3D\" autoplay=\"\">\n\t\t\t\t\t\t<span class=\"elementor-button-content-wrapper\">\n\t\t\t\t\t\t<span class=\"elementor-button-icon\">\n\t\t\t\t<svg xmlns=\"http:\/\/www.w3.org\/2000\/svg\" width=\"68\" height=\"68\" viewBox=\"0 0 68 68\" fill=\"none\"><circle cx=\"34\" cy=\"34\" r=\"33.5\" stroke=\"#007CA5\"><\/circle><path d=\"M47.7143 33.7577C48.2857 34.0876 48.2857 34.9124 47.7143 35.2423L27.1429 47.1192C26.5714 47.4491 25.8571 47.0367 25.8571 46.3769L25.8571 22.6231C25.8571 21.9632 26.5714 21.5508 27.1429 21.8808L47.7143 33.7577Z\" fill=\"#007CA5\"><\/path><\/svg>\t\t\t<\/span>\n\t\t\t\t\t\t\t\t\t<span class=\"elementor-button-text\">Meet Katerine<\/span>\n\t\t\t\t\t<\/span>\n\t\t\t\t\t<\/a>\n\t\t\t\t<\/div>\n\t\t\t\t\t\t\t\t<\/div>\n\t\t\t\t<\/div>\n\t\t\t\t\t<\/div>\n\t\t<\/div>\n\t\t\t\t\t<\/div>\n\t\t<\/section>\n\t\t\t\t<section class=\"elementor-section elementor-top-section elementor-element elementor-element-b598f07 animated-slow elementor-section-boxed elementor-section-height-default elementor-section-height-default elementor-invisible\" data-id=\"b598f07\" data-element_type=\"section\" data-e-type=\"section\" data-settings=\"{&quot;animation&quot;:&quot;fadeIn&quot;,&quot;jet_parallax_layout_list&quot;:[]}\">\n\t\t\t\t\t\t<div class=\"elementor-container elementor-column-gap-default\">\n\t\t\t\t\t<div class=\"elementor-column elementor-col-50 elementor-top-column elementor-element elementor-element-de859f2\" data-id=\"de859f2\" data-element_type=\"column\" data-e-type=\"column\">\n\t\t\t<div class=\"elementor-widget-wrap elementor-element-populated\">\n\t\t\t\t\t\t<div class=\"elementor-element elementor-element-a6da39b elementor-widget elementor-widget-image\" data-id=\"a6da39b\" data-element_type=\"widget\" data-e-type=\"widget\" data-widget_type=\"image.default\">\n\t\t\t\t<div class=\"elementor-widget-container\">\n\t\t\t\t\t\t\t\t\t\t\t\t\t\t\t<img fetchpriority=\"high\" decoding=\"async\" width=\"1000\" height=\"1000\" src=\"https:\/\/www.katerinerollet.com\/wp-content\/uploads\/2023\/02\/maitre-de-ceremonie-katerine-lune-rollet.png\" class=\"attachment-full size-full wp-image-16205\" alt=\"\" srcset=\"https:\/\/www.katerinerollet.com\/wp-content\/uploads\/2023\/02\/maitre-de-ceremonie-katerine-lune-rollet.png 1000w, https:\/\/www.katerinerollet.com\/wp-content\/uploads\/2023\/02\/maitre-de-ceremonie-katerine-lune-rollet-300x300.png 300w, https:\/\/www.katerinerollet.com\/wp-content\/uploads\/2023\/02\/maitre-de-ceremonie-katerine-lune-rollet-150x150.png 150w, https:\/\/www.katerinerollet.com\/wp-content\/uploads\/2023\/02\/maitre-de-ceremonie-katerine-lune-rollet-768x768.png 768w\" sizes=\"(max-width: 1000px) 100vw, 1000px\" \/>\t\t\t\t\t\t\t\t\t\t\t\t\t\t\t<\/div>\n\t\t\t\t<\/div>\n\t\t\t\t\t<\/div>\n\t\t<\/div>\n\t\t\t\t<div class=\"elementor-column elementor-col-50 elementor-top-column elementor-element elementor-element-56be442\" data-id=\"56be442\" data-element_type=\"column\" data-e-type=\"column\">\n\t\t\t<div class=\"elementor-widget-wrap elementor-element-populated\">\n\t\t\t\t\t\t<div class=\"elementor-element elementor-element-c44018d elementor-widget elementor-widget-text-editor\" data-id=\"c44018d\" data-element_type=\"widget\" data-e-type=\"widget\" data-widget_type=\"text-editor.default\">\n\t\t\t\t<div class=\"elementor-widget-container\">\n\t\t\t\t\t\t\t\t\t<p>After working for 20 years in front of the television camera, Katerine-Lune Rollet is now a host for corporate and virtual events.<\/p><p>Whether you are looking for someone to host a gala, or a master of ceremonies for a congress, awards ceremony, or panel, Katerine-Lune adds presence, professionalism, and dynamism to your event project.<\/p>\t\t\t\t\t\t\t\t<\/div>\n\t\t\t\t<\/div>\n\t\t\t\t<div class=\"elementor-element elementor-element-fa2f7df elementor-widget elementor-widget-spacer\" data-id=\"fa2f7df\" data-element_type=\"widget\" data-e-type=\"widget\" data-widget_type=\"spacer.default\">\n\t\t\t\t<div class=\"elementor-widget-container\">\n\t\t\t\t\t\t\t<div class=\"elementor-spacer\">\n\t\t\t<div class=\"elementor-spacer-inner\"><\/div>\n\t\t<\/div>\n\t\t\t\t\t\t<\/div>\n\t\t\t\t<\/div>\n\t\t\t\t<div class=\"elementor-element elementor-element-30d0865 elementor-widget elementor-widget-button\" data-id=\"30d0865\" data-element_type=\"widget\" data-e-type=\"widget\" data-widget_type=\"button.default\">\n\t\t\t\t<div class=\"elementor-widget-container\">\n\t\t\t\t\t\t\t\t\t<div class=\"elementor-button-wrapper\">\n\t\t\t\t\t<a class=\"elementor-button elementor-button-link elementor-size-sm\" href=\"https:\/\/www.katerinerollet.com\/en\/master-of-ceremonies\/\">\n\t\t\t\t\t\t<span class=\"elementor-button-content-wrapper\">\n\t\t\t\t\t\t<span class=\"elementor-button-icon\">\n\t\t\t\t<i aria-hidden=\"true\" class=\"fas fa-chevron-right\"><\/i>\t\t\t<\/span>\n\t\t\t\t\t\t\t\t\t<span class=\"elementor-button-text\">Master of ceremonies<\/span>\n\t\t\t\t\t<\/span>\n\t\t\t\t\t<\/a>\n\t\t\t\t<\/div>\n\t\t\t\t\t\t\t\t<\/div>\n\t\t\t\t<\/div>\n\t\t\t\t\t<\/div>\n\t\t<\/div>\n\t\t\t\t\t<\/div>\n\t\t<\/section>\n\t\t\t\t<section class=\"elementor-section elementor-top-section elementor-element elementor-element-288b7d7 animated-slow elementor-section-boxed elementor-section-height-default elementor-section-height-default elementor-invisible\" data-id=\"288b7d7\" data-element_type=\"section\" data-e-type=\"section\" data-settings=\"{&quot;animation&quot;:&quot;fadeIn&quot;,&quot;jet_parallax_layout_list&quot;:[]}\">\n\t\t\t\t\t\t<div class=\"elementor-container elementor-column-gap-default\">\n\t\t\t\t\t<div class=\"elementor-column elementor-col-50 elementor-top-column elementor-element elementor-element-1cce956\" data-id=\"1cce956\" data-element_type=\"column\" data-e-type=\"column\">\n\t\t\t<div class=\"elementor-widget-wrap elementor-element-populated\">\n\t\t\t\t\t\t<div class=\"elementor-element elementor-element-05a5ba6 elementor-widget elementor-widget-image\" data-id=\"05a5ba6\" data-element_type=\"widget\" data-e-type=\"widget\" data-widget_type=\"image.default\">\n\t\t\t\t<div class=\"elementor-widget-container\">\n\t\t\t\t\t\t\t\t\t\t\t\t\t\t\t<img decoding=\"async\" width=\"1000\" height=\"1000\" src=\"https:\/\/www.katerinerollet.com\/wp-content\/uploads\/2023\/02\/animatrice-katerine-lune-rollet.png\" class=\"attachment-full size-full wp-image-16206\" alt=\"\" srcset=\"https:\/\/www.katerinerollet.com\/wp-content\/uploads\/2023\/02\/animatrice-katerine-lune-rollet.png 1000w, https:\/\/www.katerinerollet.com\/wp-content\/uploads\/2023\/02\/animatrice-katerine-lune-rollet-300x300.png 300w, https:\/\/www.katerinerollet.com\/wp-content\/uploads\/2023\/02\/animatrice-katerine-lune-rollet-150x150.png 150w, https:\/\/www.katerinerollet.com\/wp-content\/uploads\/2023\/02\/animatrice-katerine-lune-rollet-768x768.png 768w\" sizes=\"(max-width: 1000px) 100vw, 1000px\" \/>\t\t\t\t\t\t\t\t\t\t\t\t\t\t\t<\/div>\n\t\t\t\t<\/div>\n\t\t\t\t\t<\/div>\n\t\t<\/div>\n\t\t\t\t<div class=\"elementor-column elementor-col-50 elementor-top-column elementor-element elementor-element-bc78c34\" data-id=\"bc78c34\" data-element_type=\"column\" data-e-type=\"column\">\n\t\t\t<div class=\"elementor-widget-wrap elementor-element-populated\">\n\t\t\t\t\t\t<div class=\"elementor-element elementor-element-252a6f3 elementor-widget elementor-widget-text-editor\" data-id=\"252a6f3\" data-element_type=\"widget\" data-e-type=\"widget\" data-widget_type=\"text-editor.default\">\n\t\t\t\t<div class=\"elementor-widget-container\">\n\t\t\t\t\t\t\t\t\t<p><span style=\"font-weight: 400;\">A true &#8220;child of television&#8221;, Katerine-Lune has been a television host, columnist, and actress. She has been a cultural and gastronomic journalist for television, radio, and print. Since 2019, she has dedicated herself full-time to hosting corporate and virtual events.<\/span><\/p>\t\t\t\t\t\t\t\t<\/div>\n\t\t\t\t<\/div>\n\t\t\t\t<div class=\"elementor-element elementor-element-6b9e73e elementor-widget elementor-widget-spacer\" data-id=\"6b9e73e\" data-element_type=\"widget\" data-e-type=\"widget\" data-widget_type=\"spacer.default\">\n\t\t\t\t<div class=\"elementor-widget-container\">\n\t\t\t\t\t\t\t<div class=\"elementor-spacer\">\n\t\t\t<div class=\"elementor-spacer-inner\"><\/div>\n\t\t<\/div>\n\t\t\t\t\t\t<\/div>\n\t\t\t\t<\/div>\n\t\t\t\t<div class=\"elementor-element elementor-element-dce08b2 elementor-widget elementor-widget-button\" data-id=\"dce08b2\" data-element_type=\"widget\" data-e-type=\"widget\" data-widget_type=\"button.default\">\n\t\t\t\t<div class=\"elementor-widget-container\">\n\t\t\t\t\t\t\t\t\t<div class=\"elementor-button-wrapper\">\n\t\t\t\t\t<a class=\"elementor-button elementor-button-link elementor-size-sm\" href=\"https:\/\/www.katerinerollet.com\/en\/host\/\">\n\t\t\t\t\t\t<span class=\"elementor-button-content-wrapper\">\n\t\t\t\t\t\t<span class=\"elementor-button-icon\">\n\t\t\t\t<i aria-hidden=\"true\" class=\"fas fa-chevron-right\"><\/i>\t\t\t<\/span>\n\t\t\t\t\t\t\t\t\t<span class=\"elementor-button-text\">The host<\/span>\n\t\t\t\t\t<\/span>\n\t\t\t\t\t<\/a>\n\t\t\t\t<\/div>\n\t\t\t\t\t\t\t\t<\/div>\n\t\t\t\t<\/div>\n\t\t\t\t\t<\/div>\n\t\t<\/div>\n\t\t\t\t\t<\/div>\n\t\t<\/section>\n\t\t\t\t<\/div>\n\t\t","protected":false},"excerpt":{"rendered":"<p>Meet Katerine After working for 20 years in front of the television camera, Katerine-Lune Rollet is now a host for corporate and virtual events. Whether you are looking for someone to host a gala, or a master of ceremonies for a congress, awards ceremony, or panel, Katerine-Lune adds presence, professionalism, and dynamism to your event [&hellip;]<\/p>\n","protected":false},"author":1,"featured_media":16375,"parent":0,"menu_order":0,"comment_status":"closed","ping_status":"closed","template":"","meta":{"_acf_changed":false,"footnotes":""},"class_list":["post-16243","page","type-page","status-publish","has-post-thumbnail","hentry"],"acf":[],"yoast_head":"<!-- This site is optimized with the Yoast SEO plugin v27.2 - https:\/\/yoast.com\/product\/yoast-seo-wordpress\/ -->\n<title>Animatrice et Ma\u00eetre de c\u00e9r\u00e9monie - Katerine-Lune Rollet<\/title>\n<meta name=\"description\" content=\"I have twenty years of experience hosting a wide variety of events, galas and conferences in Montr\u00e9al or Quebec city.\" \/>\n<meta name=\"robots\" content=\"index, follow, max-snippet:-1, max-image-preview:large, max-video-preview:-1\" \/>\n<link rel=\"canonical\" href=\"https:\/\/www.katerinerollet.com\/en\/\" \/>\n<meta property=\"og:locale\" content=\"en_US\" \/>\n<meta property=\"og:type\" content=\"article\" \/>\n<meta property=\"og:title\" content=\"Animatrice et Ma\u00eetre de c\u00e9r\u00e9monie - Katerine-Lune Rollet\" \/>\n<meta property=\"og:description\" content=\"I have twenty years of experience hosting a wide variety of events, galas and conferences in Montr\u00e9al or Quebec city.\" \/>\n<meta property=\"og:url\" content=\"https:\/\/www.katerinerollet.com\/en\/\" \/>\n<meta property=\"og:site_name\" content=\"Katerine-Lune Rollet\" \/>\n<meta property=\"article:modified_time\" content=\"2026-03-12T23:17:02+00:00\" \/>\n<meta property=\"og:image\" content=\"https:\/\/www.katerinerollet.com\/wp-content\/uploads\/2023\/03\/OG-Katerine-Lune-Rollet-1200x630-1.jpg\" \/>\n\t<meta property=\"og:image:width\" content=\"2400\" \/>\n\t<meta property=\"og:image:height\" content=\"1260\" \/>\n\t<meta property=\"og:image:type\" content=\"image\/jpeg\" \/>\n<meta name=\"twitter:card\" content=\"summary_large_image\" \/>\n<meta name=\"twitter:label1\" content=\"Est. reading time\" \/>\n\t<meta name=\"twitter:data1\" content=\"1 minute\" \/>\n<script type=\"application\/ld+json\" class=\"yoast-schema-graph\">{\"@context\":\"https:\/\/schema.org\",\"@graph\":[{\"@type\":\"WebPage\",\"@id\":\"https:\/\/www.katerinerollet.com\/en\/\",\"url\":\"https:\/\/www.katerinerollet.com\/en\/\",\"name\":\"Animatrice et Ma\u00eetre de c\u00e9r\u00e9monie - Katerine-Lune Rollet\",\"isPartOf\":{\"@id\":\"https:\/\/www.katerinerollet.com\/en\/#website\"},\"primaryImageOfPage\":{\"@id\":\"https:\/\/www.katerinerollet.com\/en\/#primaryimage\"},\"image\":{\"@id\":\"https:\/\/www.katerinerollet.com\/en\/#primaryimage\"},\"thumbnailUrl\":\"https:\/\/www.katerinerollet.com\/wp-content\/uploads\/2023\/03\/OG-Katerine-Lune-Rollet-1200x630-1.jpg\",\"datePublished\":\"2023-02-22T00:55:10+00:00\",\"dateModified\":\"2026-03-12T23:17:02+00:00\",\"description\":\"I have twenty years of experience hosting a wide variety of events, galas and conferences in Montr\u00e9al or Quebec city.\",\"inLanguage\":\"en-US\",\"potentialAction\":[{\"@type\":\"ReadAction\",\"target\":[\"https:\/\/www.katerinerollet.com\/en\/\"]}]},{\"@type\":\"ImageObject\",\"inLanguage\":\"en-US\",\"@id\":\"https:\/\/www.katerinerollet.com\/en\/#primaryimage\",\"url\":\"https:\/\/www.katerinerollet.com\/wp-content\/uploads\/2023\/03\/OG-Katerine-Lune-Rollet-1200x630-1.jpg\",\"contentUrl\":\"https:\/\/www.katerinerollet.com\/wp-content\/uploads\/2023\/03\/OG-Katerine-Lune-Rollet-1200x630-1.jpg\",\"width\":2400,\"height\":1260},{\"@type\":\"WebSite\",\"@id\":\"https:\/\/www.katerinerollet.com\/en\/#website\",\"url\":\"https:\/\/www.katerinerollet.com\/en\/\",\"name\":\"Katerine-Lune Rollet\",\"description\":\"\",\"publisher\":{\"@id\":\"https:\/\/www.katerinerollet.com\/en\/#organization\"},\"potentialAction\":[{\"@type\":\"SearchAction\",\"target\":{\"@type\":\"EntryPoint\",\"urlTemplate\":\"https:\/\/www.katerinerollet.com\/en\/?s={search_term_string}\"},\"query-input\":{\"@type\":\"PropertyValueSpecification\",\"valueRequired\":true,\"valueName\":\"search_term_string\"}}],\"inLanguage\":\"en-US\"},{\"@type\":\"Organization\",\"@id\":\"https:\/\/www.katerinerollet.com\/en\/#organization\",\"name\":\"Katerine-Lune Rollet\",\"url\":\"https:\/\/www.katerinerollet.com\/en\/\",\"logo\":{\"@type\":\"ImageObject\",\"inLanguage\":\"en-US\",\"@id\":\"https:\/\/www.katerinerollet.com\/en\/#\/schema\/logo\/image\/\",\"url\":\"https:\/\/www.katerinerollet.com\/wp-content\/uploads\/2021\/09\/katerine-lune-rollet_logo__black.png\",\"contentUrl\":\"https:\/\/www.katerinerollet.com\/wp-content\/uploads\/2021\/09\/katerine-lune-rollet_logo__black.png\",\"width\":600,\"height\":101,\"caption\":\"Katerine-Lune Rollet\"},\"image\":{\"@id\":\"https:\/\/www.katerinerollet.com\/en\/#\/schema\/logo\/image\/\"}}]}<\/script>\n<!-- \/ Yoast SEO plugin. -->","yoast_head_json":{"title":"Animatrice et Ma\u00eetre de c\u00e9r\u00e9monie - Katerine-Lune Rollet","description":"I have twenty years of experience hosting a wide variety of events, galas and conferences in Montr\u00e9al or Quebec city.","robots":{"index":"index","follow":"follow","max-snippet":"max-snippet:-1","max-image-preview":"max-image-preview:large","max-video-preview":"max-video-preview:-1"},"canonical":"https:\/\/www.katerinerollet.com\/en\/","og_locale":"en_US","og_type":"article","og_title":"Animatrice et Ma\u00eetre de c\u00e9r\u00e9monie - Katerine-Lune Rollet","og_description":"I have twenty years of experience hosting a wide variety of events, galas and conferences in Montr\u00e9al or Quebec city.","og_url":"https:\/\/www.katerinerollet.com\/en\/","og_site_name":"Katerine-Lune Rollet","article_modified_time":"2026-03-12T23:17:02+00:00","og_image":[{"width":2400,"height":1260,"url":"https:\/\/www.katerinerollet.com\/wp-content\/uploads\/2023\/03\/OG-Katerine-Lune-Rollet-1200x630-1.jpg","type":"image\/jpeg"}],"twitter_card":"summary_large_image","twitter_misc":{"Est. reading time":"1 minute"},"schema":{"@context":"https:\/\/schema.org","@graph":[{"@type":"WebPage","@id":"https:\/\/www.katerinerollet.com\/en\/","url":"https:\/\/www.katerinerollet.com\/en\/","name":"Animatrice et Ma\u00eetre de c\u00e9r\u00e9monie - Katerine-Lune Rollet","isPartOf":{"@id":"https:\/\/www.katerinerollet.com\/en\/#website"},"primaryImageOfPage":{"@id":"https:\/\/www.katerinerollet.com\/en\/#primaryimage"},"image":{"@id":"https:\/\/www.katerinerollet.com\/en\/#primaryimage"},"thumbnailUrl":"https:\/\/www.katerinerollet.com\/wp-content\/uploads\/2023\/03\/OG-Katerine-Lune-Rollet-1200x630-1.jpg","datePublished":"2023-02-22T00:55:10+00:00","dateModified":"2026-03-12T23:17:02+00:00","description":"I have twenty years of experience hosting a wide variety of events, galas and conferences in Montr\u00e9al or Quebec city.","inLanguage":"en-US","potentialAction":[{"@type":"ReadAction","target":["https:\/\/www.katerinerollet.com\/en\/"]}]},{"@type":"ImageObject","inLanguage":"en-US","@id":"https:\/\/www.katerinerollet.com\/en\/#primaryimage","url":"https:\/\/www.katerinerollet.com\/wp-content\/uploads\/2023\/03\/OG-Katerine-Lune-Rollet-1200x630-1.jpg","contentUrl":"https:\/\/www.katerinerollet.com\/wp-content\/uploads\/2023\/03\/OG-Katerine-Lune-Rollet-1200x630-1.jpg","width":2400,"height":1260},{"@type":"WebSite","@id":"https:\/\/www.katerinerollet.com\/en\/#website","url":"https:\/\/www.katerinerollet.com\/en\/","name":"Katerine-Lune Rollet","description":"","publisher":{"@id":"https:\/\/www.katerinerollet.com\/en\/#organization"},"potentialAction":[{"@type":"SearchAction","target":{"@type":"EntryPoint","urlTemplate":"https:\/\/www.katerinerollet.com\/en\/?s={search_term_string}"},"query-input":{"@type":"PropertyValueSpecification","valueRequired":true,"valueName":"search_term_string"}}],"inLanguage":"en-US"},{"@type":"Organization","@id":"https:\/\/www.katerinerollet.com\/en\/#organization","name":"Katerine-Lune Rollet","url":"https:\/\/www.katerinerollet.com\/en\/","logo":{"@type":"ImageObject","inLanguage":"en-US","@id":"https:\/\/www.katerinerollet.com\/en\/#\/schema\/logo\/image\/","url":"https:\/\/www.katerinerollet.com\/wp-content\/uploads\/2021\/09\/katerine-lune-rollet_logo__black.png","contentUrl":"https:\/\/www.katerinerollet.com\/wp-content\/uploads\/2021\/09\/katerine-lune-rollet_logo__black.png","width":600,"height":101,"caption":"Katerine-Lune Rollet"},"image":{"@id":"https:\/\/www.katerinerollet.com\/en\/#\/schema\/logo\/image\/"}}]}},"_links":{"self":[{"href":"https:\/\/www.katerinerollet.com\/en\/wp-json\/wp\/v2\/pages\/16243","targetHints":{"allow":["GET"]}}],"collection":[{"href":"https:\/\/www.katerinerollet.com\/en\/wp-json\/wp\/v2\/pages"}],"about":[{"href":"https:\/\/www.katerinerollet.com\/en\/wp-json\/wp\/v2\/types\/page"}],"author":[{"embeddable":true,"href":"https:\/\/www.katerinerollet.com\/en\/wp-json\/wp\/v2\/users\/1"}],"replies":[{"embeddable":true,"href":"https:\/\/www.katerinerollet.com\/en\/wp-json\/wp\/v2\/comments?post=16243"}],"version-history":[{"count":17,"href":"https:\/\/www.katerinerollet.com\/en\/wp-json\/wp\/v2\/pages\/16243\/revisions"}],"predecessor-version":[{"id":17905,"href":"https:\/\/www.katerinerollet.com\/en\/wp-json\/wp\/v2\/pages\/16243\/revisions\/17905"}],"wp:featuredmedia":[{"embeddable":true,"href":"https:\/\/www.katerinerollet.com\/en\/wp-json\/wp\/v2\/media\/16375"}],"wp:attachment":[{"href":"https:\/\/www.katerinerollet.com\/en\/wp-json\/wp\/v2\/media?parent=16243"}],"curies":[{"name":"wp","href":"https:\/\/api.w.org\/{rel}","templated":true}]}}